{"id":124,"date":"2020-12-03T20:23:23","date_gmt":"2020-12-03T18:23:23","guid":{"rendered":"https:\/\/www.tkinfra.fi\/?page_id=124"},"modified":"2023-04-21T11:52:46","modified_gmt":"2023-04-21T08:52:46","slug":"etusivu","status":"publish","type":"page","link":"https:\/\/www.tkinfra.fi\/","title":{"rendered":"Etusivu"},"content":{"rendered":"\n<h1 class=\"wp-block-heading\"><strong>Apunasi asiantunteva TK Infra<\/strong><\/h1>\n\n\n\n<p>Tarjoamme vesihuollon ja infra-alan asiantuntevaa palvelua yli 30 vuoden kokemuksella. Tuemme tilaajaorganisaatioita rakennuttamisen sek\u00e4 suurten investointien johtoteht\u00e4viss\u00e4, esiselvityksist\u00e4 aina takuuajan aikaiseen ohjaukseen ja valvontaan. Laitosjohdolle ja omistajille tarjoamme tukea liiketoimintaan sek\u00e4 kehitt\u00e4miseen.<\/p>\n\n\n\n<h2 class=\"wp-block-heading\">Palvelumme kattavat koko projektinhallinnan ja -ohjauksen:<\/h2>\n\n\n\n<ul class=\"wp-block-list\"><li>esiselvitykset<\/li><li>suunnitteluttaminen<\/li><li>kilpailuttaminen<\/li><li>toteutuksen ohjaus ja valvonta<\/li><li>viestint\u00e4<\/li><\/ul>\n\n\n\n<div class=\"wp-block-buttons is-layout-flex wp-block-buttons-is-layout-flex\">\n<div class=\"wp-block-button\"><a class=\"wp-block-button__link\" href=\"https:\/\/www.tkinfra.fi\/?page_id=29\" style=\"border-radius:0px\">Lue lis\u00e4\u00e4 palveluistamme<\/a><\/div>\n<\/div>\n\n\n\n<div style=\"height:50px\" aria-hidden=\"true\" class=\"wp-block-spacer\"><\/div>\n\n\n<div class=\"wp-block-image is-style-default\">\n<figure class=\"alignleft is-resized\"><img loading=\"lazy\" decoding=\"async\" src=\"https:\/\/www.tkinfra.fi\/wp-content\/uploads\/2020\/06\/Sieppaa-4-1024x481.png\" alt=\"Luotettava-kumppani -logo.\" width=\"256\" height=\"120\"\/><\/figure><\/div>\n\n<div class=\"wp-block-image\">\n<figure class=\"alignleft size-medium is-resized\"><img loading=\"lazy\" decoding=\"async\" src=\"https:\/\/www.tkinfra.fi\/wp-content\/uploads\/2022\/05\/AAA-logo-2022-FI-1-300x203.jpg\" alt=\"\" class=\"wp-image-226\" width=\"225\" height=\"152\" srcset=\"https:\/\/www.tkinfra.fi\/wp-content\/uploads\/2022\/05\/AAA-logo-2022-FI-1-300x203.jpg 300w, https:\/\/www.tkinfra.fi\/wp-content\/uploads\/2022\/05\/AAA-logo-2022-FI-1-768x520.jpg 768w, https:\/\/www.tkinfra.fi\/wp-content\/uploads\/2022\/05\/AAA-logo-2022-FI-1.jpg 849w\" sizes=\"auto, (max-width: 225px) 100vw, 225px\" \/><\/figure><\/div>","protected":false},"excerpt":{"rendered":"<p>Apunasi asiantunteva TK Infra Tarjoamme vesihuollon ja infra-alan asiantuntevaa palvelua yli 30 vuoden kokemuksella. Tuemme tilaajaorganisaatioita rakennuttamisen sek\u00e4 suurten investointien johtoteht\u00e4viss\u00e4, esiselvityksist\u00e4 aina takuuajan aikaiseen ohjaukseen ja valvontaan. Laitosjohdolle ja omistajille tarjoamme tukea liiketoimintaan sek\u00e4 kehitt\u00e4miseen. Palvelumme kattavat koko projektinhallinnan ja -ohjauksen: esiselvitykset suunnitteluttaminen kilpailuttaminen toteutuksen ohjaus ja valvonta viestint\u00e4<\/p>\n","protected":false},"author":1,"featured_media":0,"parent":0,"menu_order":0,"comment_status":"closed","ping_status":"closed","template":"","meta":{"footnotes":""},"class_list":["post-124","page","type-page","status-publish","hentry"],"_links":{"self":[{"href":"https:\/\/www.tkinfra.fi\/index.php?rest_route=\/wp\/v2\/pages\/124","targetHints":{"allow":["GET"]}}],"collection":[{"href":"https:\/\/www.tkinfra.fi\/index.php?rest_route=\/wp\/v2\/pages"}],"about":[{"href":"https:\/\/www.tkinfra.fi\/index.php?rest_route=\/wp\/v2\/types\/page"}],"author":[{"embeddable":true,"href":"https:\/\/www.tkinfra.fi\/index.php?rest_route=\/wp\/v2\/users\/1"}],"replies":[{"embeddable":true,"href":"https:\/\/www.tkinfra.fi\/index.php?rest_route=%2Fwp%2Fv2%2Fcomments&post=124"}],"version-history":[{"count":14,"href":"https:\/\/www.tkinfra.fi\/index.php?rest_route=\/wp\/v2\/pages\/124\/revisions"}],"predecessor-version":[{"id":369,"href":"https:\/\/www.tkinfra.fi\/index.php?rest_route=\/wp\/v2\/pages\/124\/revisions\/369"}],"wp:attachment":[{"href":"https:\/\/www.tkinfra.fi\/index.php?rest_route=%2Fwp%2Fv2%2Fmedia&parent=124"}],"curies":[{"name":"wp","href":"https:\/\/api.w.org\/{rel}","templated":true}]}}